{"id":1199,"date":"2026-02-21T15:14:53","date_gmt":"2026-02-21T15:14:53","guid":{"rendered":"https:\/\/iclimatemorocco.com\/?page_id=1199"},"modified":"2026-02-23T09:56:33","modified_gmt":"2026-02-23T09:56:33","slug":"luxury-riads-private-villas","status":"publish","type":"page","link":"https:\/\/iclimatemorocco.com\/fr\/luxury-riads-private-villas\/","title":{"rendered":"Riads et Villas de Luxe"},"content":{"rendered":"<div data-elementor-type=\"wp-page\" data-elementor-id=\"1199\" class=\"elementor elementor-1199\" data-elementor-post-type=\"page\">\n\t\t\t\t<div class=\"elementor-element elementor-element-a6a8aa4 e-flex e-con-boxed e-con e-parent\" data-id=\"a6a8aa4\" data-element_type=\"container\" data-e-type=\"container\" data-settings=\"{&quot;background_background&quot;:&quot;classic&quot;}\">\n\t\t\t\t\t<div class=\"e-con-inner\">\n\t\t\t\t<div class=\"elementor-element elementor-element-2a3cbef elementor-widget elementor-widget-heading\" data-id=\"2a3cbef\" data-element_type=\"widget\" data-e-type=\"widget\" data-widget_type=\"heading.default\">\n\t\t\t\t\t<h1 class=\"elementor-heading-title elementor-size-default\">Solutions de Climatisation pour Villas de Luxe et Riads Traditionnels<\/h1>\t\t\t\t<\/div>\n\t\t\t\t<div class=\"elementor-element elementor-element-4358b00 elementor-widget elementor-widget-text-editor\" data-id=\"4358b00\" data-element_type=\"widget\" data-e-type=\"widget\" data-widget_type=\"text-editor.default\">\n\t\t\t\t\t\t\t\t\t<p><strong>Nous concevons et installons des syst\u00e8mes de climatisation discrets qui pr\u00e9servent l\u2019esth\u00e9tique des villas haut de gamme et des riads traditionnels tout en assurant un confort optimal toute l\u2019ann\u00e9e.<\/strong><\/p>\t\t\t\t\t\t\t\t<\/div>\n\t\t\t\t<div class=\"elementor-element elementor-element-f1587c7 elementor-align-center elementor-widget elementor-widget-button\" data-id=\"f1587c7\" data-element_type=\"widget\" data-e-type=\"widget\" data-widget_type=\"button.default\">\n\t\t\t\t\t\t\t\t\t\t<a class=\"elementor-button elementor-button-link elementor-size-sm\" href=\"#\/contact\">\n\t\t\t\t\t\t<span class=\"elementor-button-content-wrapper\">\n\t\t\t\t\t\t\t\t\t<span class=\"elementor-button-text\">Demander une visite technique<\/span>\n\t\t\t\t\t<\/span>\n\t\t\t\t\t<\/a>\n\t\t\t\t\t\t\t\t<\/div>\n\t\t\t\t\t<\/div>\n\t\t\t\t<\/div>\n\t\t<div class=\"elementor-element elementor-element-b9f8397 e-flex e-con-boxed e-con e-parent\" data-id=\"b9f8397\" data-element_type=\"container\" data-e-type=\"container\">\n\t\t\t\t\t<div class=\"e-con-inner\">\n\t\t<div class=\"elementor-element elementor-element-52a9ecb e-con-full e-flex e-con e-child\" data-id=\"52a9ecb\" data-element_type=\"container\" data-e-type=\"container\">\n\t\t\t\t<div class=\"elementor-element elementor-element-29ab364 elementor-widget elementor-widget-heading\" data-id=\"29ab364\" data-element_type=\"widget\" data-e-type=\"widget\" data-widget_type=\"heading.default\">\n\t\t\t\t\t<h2 class=\"elementor-heading-title elementor-size-default\">Con\u00e7u pour l\u2019esth\u00e9tique<\/h2>\t\t\t\t<\/div>\n\t\t\t\t<div class=\"elementor-element elementor-element-965a239 elementor-widget elementor-widget-text-editor\" data-id=\"965a239\" data-element_type=\"widget\" data-e-type=\"widget\" data-widget_type=\"text-editor.default\">\n\t\t\t\t\t\t\t\t\t<p>Nos syst\u00e8mes sont soigneusement s\u00e9lectionn\u00e9s afin de minimiser l\u2019impact visuel, r\u00e9duire le bruit et s\u2019int\u00e9grer harmonieusement dans les int\u00e9rieurs modernes et traditionnels.<\/p>\t\t\t\t\t\t\t\t<\/div>\n\t\t\t\t<\/div>\n\t\t<div class=\"elementor-element elementor-element-f441626 e-con-full e-flex e-con e-child\" data-id=\"f441626\" data-element_type=\"container\" data-e-type=\"container\">\n\t\t\t\t<div class=\"elementor-element elementor-element-552b972 elementor-widget elementor-widget-image\" data-id=\"552b972\" data-element_type=\"widget\" data-e-type=\"widget\" data-widget_type=\"image.default\">\n\t\t\t\t\t\t\t\t\t\t\t\t\t\t\t<img fetchpriority=\"high\" decoding=\"async\" width=\"1024\" height=\"768\" src=\"https:\/\/iclimatemorocco.com\/wp-content\/uploads\/2026\/02\/saharadeserttour_109.jpg\" class=\"attachment-large size-large wp-image-1208\" alt=\"courtyward morocco\" title=\"Luxury Riads &amp; Private Villas\">\t\t\t\t\t\t\t\t\t\t\t\t\t\t\t<\/div>\n\t\t\t\t<\/div>\n\t\t\t\t\t<\/div>\n\t\t\t\t<\/div>\n\t\t<div class=\"elementor-element elementor-element-af1f6a6 e-flex e-con-boxed e-con e-parent\" data-id=\"af1f6a6\" data-element_type=\"container\" data-e-type=\"container\">\n\t\t\t\t\t<div class=\"e-con-inner\">\n\t\t<div class=\"elementor-element elementor-element-ef18a26 e-con-full e-flex e-con e-child\" data-id=\"ef18a26\" data-element_type=\"container\" data-e-type=\"container\">\n\t\t\t\t<div class=\"elementor-element elementor-element-b407b22 elementor-widget elementor-widget-image\" data-id=\"b407b22\" data-element_type=\"widget\" data-e-type=\"widget\" data-widget_type=\"image.default\">\n\t\t\t\t\t\t\t\t\t\t\t\t\t\t\t<img decoding=\"async\" width=\"1024\" height=\"576\" src=\"https:\/\/iclimatemorocco.com\/wp-content\/uploads\/2026\/02\/moroccan-bedroom-tradtional.jpg\" class=\"attachment-large size-large wp-image-1213\" alt=\"moroccan bedroom tradtional\" title=\"Luxury Riads &amp; Private Villas\">\t\t\t\t\t\t\t\t\t\t\t\t\t\t\t<\/div>\n\t\t\t\t<\/div>\n\t\t<div class=\"elementor-element elementor-element-c2d61ed e-con-full e-flex e-con e-child\" data-id=\"c2d61ed\" data-element_type=\"container\" data-e-type=\"container\">\n\t\t\t\t<div class=\"elementor-element elementor-element-c47f295 elementor-widget elementor-widget-heading\" data-id=\"c47f295\" data-element_type=\"widget\" data-e-type=\"widget\" data-widget_type=\"heading.default\">\n\t\t\t\t\t<h2 class=\"elementor-heading-title elementor-size-default\">Installation adapt\u00e9e aux r\u00e9novations<\/h2>\t\t\t\t<\/div>\n\t\t\t\t<div class=\"elementor-element elementor-element-6acec42 elementor-widget elementor-widget-text-editor\" data-id=\"6acec42\" data-element_type=\"widget\" data-e-type=\"widget\" data-widget_type=\"text-editor.default\">\n\t\t\t\t\t\t\t\t\t<p>Nous proposons des solutions de climatisation pour les propri\u00e9t\u00e9s existantes, permettant d\u2019am\u00e9liorer le confort sans compromettre les \u00e9l\u00e9ments architecturaux traditionnels.<\/p>\t\t\t\t\t\t\t\t<\/div>\n\t\t\t\t<\/div>\n\t\t\t\t\t<\/div>\n\t\t\t\t<\/div>\n\t\t<div class=\"elementor-element elementor-element-322878f e-flex e-con-boxed e-con e-parent\" data-id=\"322878f\" data-element_type=\"container\" data-e-type=\"container\" data-settings=\"{&quot;background_background&quot;:&quot;classic&quot;}\">\n\t\t\t\t\t<div class=\"e-con-inner\">\n\t\t<div class=\"elementor-element elementor-element-b6a0fc3 e-con-full e-flex e-con e-child\" data-id=\"b6a0fc3\" data-element_type=\"container\" data-e-type=\"container\">\n\t\t\t\t<div class=\"elementor-element elementor-element-b386079 elementor-widget elementor-widget-heading\" data-id=\"b386079\" data-element_type=\"widget\" data-e-type=\"widget\" data-widget_type=\"heading.default\">\n\t\t\t\t\t<h2 class=\"elementor-heading-title elementor-size-default\">Installation discr\u00e8te<\/h2>\t\t\t\t<\/div>\n\t\t\t\t<div class=\"elementor-element elementor-element-3adc050 elementor-widget elementor-widget-text-editor\" data-id=\"3adc050\" data-element_type=\"widget\" data-e-type=\"widget\" data-widget_type=\"text-editor.default\">\n\t\t\t\t\t\t\t\t\t<p>R\u00e9seaux dissimul\u00e9s pour pr\u00e9server les finitions int\u00e9rieures.<\/p>\t\t\t\t\t\t\t\t<\/div>\n\t\t\t\t<\/div>\n\t\t<div class=\"elementor-element elementor-element-9f30cd5 e-con-full e-flex e-con e-child\" data-id=\"9f30cd5\" data-element_type=\"container\" data-e-type=\"container\">\n\t\t\t\t<div class=\"elementor-element elementor-element-2983413 elementor-widget elementor-widget-heading\" data-id=\"2983413\" data-element_type=\"widget\" data-e-type=\"widget\" data-widget_type=\"heading.default\">\n\t\t\t\t\t<h2 class=\"elementor-heading-title elementor-size-default\">Silencieux<\/h2>\t\t\t\t<\/div>\n\t\t\t\t<div class=\"elementor-element elementor-element-f7474be elementor-widget elementor-widget-text-editor\" data-id=\"f7474be\" data-element_type=\"widget\" data-e-type=\"widget\" data-widget_type=\"text-editor.default\">\n\t\t\t\t\t\t\t\t\t<p>Syst\u00e8mes silencieux pour chambres et espaces de vie.<\/p>\t\t\t\t\t\t\t\t<\/div>\n\t\t\t\t<\/div>\n\t\t<div class=\"elementor-element elementor-element-c5f6983 e-con-full e-flex e-con e-child\" data-id=\"c5f6983\" data-element_type=\"container\" data-e-type=\"container\">\n\t\t\t\t<div class=\"elementor-element elementor-element-16e3a96 elementor-widget elementor-widget-heading\" data-id=\"16e3a96\" data-element_type=\"widget\" data-e-type=\"widget\" data-widget_type=\"heading.default\">\n\t\t\t\t\t<h2 class=\"elementor-heading-title elementor-size-default\">Climatisation par zones<\/h2>\t\t\t\t<\/div>\n\t\t\t\t<div class=\"elementor-element elementor-element-d35c946 elementor-widget elementor-widget-text-editor\" data-id=\"d35c946\" data-element_type=\"widget\" data-e-type=\"widget\" data-widget_type=\"text-editor.default\">\n\t\t\t\t\t\t\t\t\t<p>Contr\u00f4le ind\u00e9pendant de la temp\u00e9rature par zone.<\/p>\t\t\t\t\t\t\t\t<\/div>\n\t\t\t\t<\/div>\n\t\t<div class=\"elementor-element elementor-element-e0feb75 e-con-full e-flex e-con e-child\" data-id=\"e0feb75\" data-element_type=\"container\" data-e-type=\"container\">\n\t\t\t\t<div class=\"elementor-element elementor-element-324a886 elementor-widget elementor-widget-heading\" data-id=\"324a886\" data-element_type=\"widget\" data-e-type=\"widget\" data-widget_type=\"heading.default\">\n\t\t\t\t\t<h2 class=\"elementor-heading-title elementor-size-default\">Int\u00e9gration d\u2019air neuf<\/h2>\t\t\t\t<\/div>\n\t\t\t\t<div class=\"elementor-element elementor-element-2f548f3 elementor-widget elementor-widget-text-editor\" data-id=\"2f548f3\" data-element_type=\"widget\" data-e-type=\"widget\" data-widget_type=\"text-editor.default\">\n\t\t\t\t\t\t\t\t\t<p>Ventilation pour g\u00e9rer l\u2019humidit\u00e9 et la qualit\u00e9 de l\u2019air.<\/p>\t\t\t\t\t\t\t\t<\/div>\n\t\t\t\t<\/div>\n\t\t\t\t\t<\/div>\n\t\t\t\t<\/div>\n\t\t<div class=\"elementor-element elementor-element-589250e e-flex e-con-boxed e-con e-parent\" data-id=\"589250e\" data-element_type=\"container\" data-e-type=\"container\">\n\t\t\t\t\t<div class=\"e-con-inner\">\n\t\t<div class=\"elementor-element elementor-element-64040b7 e-con-full e-flex e-con e-child\" data-id=\"64040b7\" data-element_type=\"container\" data-e-type=\"container\">\n\t\t\t\t<div class=\"elementor-element elementor-element-f48bcf6 elementor-widget elementor-widget-heading\" data-id=\"f48bcf6\" data-element_type=\"widget\" data-e-type=\"widget\" data-widget_type=\"heading.default\">\n\t\t\t\t\t<h2 class=\"elementor-heading-title elementor-size-default\">Ventilation des patios<\/h2>\t\t\t\t<\/div>\n\t\t\t\t<div class=\"elementor-element elementor-element-9180c34 elementor-widget elementor-widget-text-editor\" data-id=\"9180c34\" data-element_type=\"widget\" data-e-type=\"widget\" data-widget_type=\"text-editor.default\">\n\t\t\t\t\t\t\t\t\t<p>Une bonne ventilation permet de g\u00e9rer l\u2019humidit\u00e9, la poussi\u00e8re et la chaleur dans les patios et espaces ouverts.<\/p>\t\t\t\t\t\t\t\t<\/div>\n\t\t\t\t<\/div>\n\t\t<div class=\"elementor-element elementor-element-1ed80d9 e-con-full e-flex e-con e-child\" data-id=\"1ed80d9\" data-element_type=\"container\" data-e-type=\"container\">\n\t\t\t\t<div class=\"elementor-element elementor-element-9da552d elementor-widget elementor-widget-image\" data-id=\"9da552d\" data-element_type=\"widget\" data-e-type=\"widget\" data-widget_type=\"image.default\">\n\t\t\t\t\t\t\t\t\t\t\t\t\t\t\t<img decoding=\"async\" width=\"1024\" height=\"683\" src=\"https:\/\/iclimatemorocco.com\/wp-content\/uploads\/2026\/02\/797144423.jpg\" class=\"attachment-large size-large wp-image-1223\" alt=\"797144423\" title=\"Luxury Riads &amp; Private Villas\">\t\t\t\t\t\t\t\t\t\t\t\t\t\t\t<\/div>\n\t\t\t\t<\/div>\n\t\t\t\t\t<\/div>\n\t\t\t\t<\/div>\n\t\t<div class=\"elementor-element elementor-element-b5dd722 e-flex e-con-boxed e-con e-parent\" data-id=\"b5dd722\" data-element_type=\"container\" data-e-type=\"container\" data-settings=\"{&quot;background_background&quot;:&quot;gradient&quot;}\">\n\t\t\t\t\t<div class=\"e-con-inner\">\n\t\t\t\t<div class=\"elementor-element elementor-element-e690793 elementor-widget elementor-widget-heading\" data-id=\"e690793\" data-element_type=\"widget\" data-e-type=\"widget\" data-widget_type=\"heading.default\">\n\t\t\t\t\t<h2 class=\"elementor-heading-title elementor-size-default\">Vous planifiez une nouvelle construction ou une r\u00e9novation ?<\/h2>\t\t\t\t<\/div>\n\t\t\t\t<div class=\"elementor-element elementor-element-0da311c elementor-widget elementor-widget-text-editor\" data-id=\"0da311c\" data-element_type=\"widget\" data-e-type=\"widget\" data-widget_type=\"text-editor.default\">\n\t\t\t\t\t\t\t\t\t<p>Contactez notre \u00e9quipe pour organiser une visite technique et obtenir une solution adapt\u00e9e.<\/p>\t\t\t\t\t\t\t\t<\/div>\n\t\t\t\t<div class=\"elementor-element elementor-element-a6ba87e elementor-align-center elementor-widget elementor-widget-button\" data-id=\"a6ba87e\" data-element_type=\"widget\" data-e-type=\"widget\" data-widget_type=\"button.default\">\n\t\t\t\t\t\t\t\t\t\t<a class=\"elementor-button elementor-button-link elementor-size-sm\" href=\"#\/contact\">\n\t\t\t\t\t\t<span class=\"elementor-button-content-wrapper\">\n\t\t\t\t\t\t\t\t\t<span class=\"elementor-button-text\">Demander une visite technique<\/span>\n\t\t\t\t\t<\/span>\n\t\t\t\t\t<\/a>\n\t\t\t\t\t\t\t\t<\/div>\n\t\t\t\t\t<\/div>\n\t\t\t\t<\/div>\n\t\t\t\t<\/div>","protected":false},"excerpt":{"rendered":"<p>Climate Control for Luxury Villas &amp; Traditional Riads We design and install discreet air conditioning and ventilation systems that preserve the architectural integrity of high-end homes and traditional Moroccan riads while ensuring reliable comfort throughout the year. Request a Site Survey Designed for Aesthetics Our systems are carefully selected and installed to minimise visual impact, [&hellip;]<\/p>\n","protected":false},"author":1,"featured_media":0,"parent":0,"menu_order":0,"comment_status":"closed","ping_status":"closed","template":"elementor_header_footer","meta":{"_uag_custom_page_level_css":"","site-sidebar-layout":"no-sidebar","site-content-layout":"page-builder","ast-site-content-layout":"full-width-container","site-content-style":"default","site-sidebar-style":"default","ast-global-header-display":"","ast-banner-title-visibility":"disabled","ast-main-header-display":"","ast-hfb-above-header-display":"","ast-hfb-below-header-display":"","ast-hfb-mobile-header-display":"","site-post-title":"disabled","ast-breadcrumbs-content":"","ast-featured-img":"disabled","footer-sml-layout":"","ast-disable-related-posts":"","theme-transparent-header-meta":"default","adv-header-id-meta":"","stick-header-meta":"","header-above-stick-meta":"","header-main-stick-meta":"","header-below-stick-meta":"","astra-migrate-meta-layouts":"set","ast-page-background-enabled":"default","ast-page-background-meta":{"desktop":{"background-color":"var(--ast-global-color-5)","background-image":"","background-repeat":"repeat","background-position":"center center","background-size":"auto","background-attachment":"scroll","background-type":"","background-media":"","overlay-type":"","overlay-color":"","overlay-opacity":"","overlay-gradient":""},"tablet":{"background-color":"","background-image":"","background-repeat":"repeat","background-position":"center center","background-size":"auto","background-attachment":"scroll","background-type":"","background-media":"","overlay-type":"","overlay-color":"","overlay-opacity":"","overlay-gradient":""},"mobile":{"background-color":"","background-image":"","background-repeat":"repeat","background-position":"center center","background-size":"auto","background-attachment":"scroll","background-type":"","background-media":"","overlay-type":"","overlay-color":"","overlay-opacity":"","overlay-gradient":""}},"ast-content-background-meta":{"desktop":{"background-color":"var(--ast-global-color-4)","background-image":"","background-repeat":"repeat","background-position":"center center","background-size":"auto","background-attachment":"scroll","background-type":"","background-media":"","overlay-type":"","overlay-color":"","overlay-opacity":"","overlay-gradient":""},"tablet":{"background-color":"var(--ast-global-color-4)","background-image":"","background-repeat":"repeat","background-position":"center center","background-size":"auto","background-attachment":"scroll","background-type":"","background-media":"","overlay-type":"","overlay-color":"","overlay-opacity":"","overlay-gradient":""},"mobile":{"background-color":"var(--ast-global-color-4)","background-image":"","background-repeat":"repeat","background-position":"center center","background-size":"auto","background-attachment":"scroll","background-type":"","background-media":"","overlay-type":"","overlay-color":"","overlay-opacity":"","overlay-gradient":""}},"footnotes":""},"class_list":["post-1199","page","type-page","status-publish","hentry"],"yoast_head":"<!-- This site is optimized with the Yoast SEO plugin v27.0 - https:\/\/yoast.com\/product\/yoast-seo-wordpress\/ -->\n<title>Luxury Riads &amp; Private Villas - iClimate Morocco<\/title>\n<meta name=\"robots\" content=\"index, follow, max-snippet:-1, max-image-preview:large, max-video-preview:-1\" \/>\n<link rel=\"canonical\" href=\"https:\/\/iclimatemorocco.com\/fr\/luxury-riads-private-villas\/\" \/>\n<meta property=\"og:locale\" content=\"fr_FR\" \/>\n<meta property=\"og:type\" content=\"article\" \/>\n<meta property=\"og:title\" content=\"Luxury Riads &amp; Private Villas - iClimate Morocco\" \/>\n<meta property=\"og:description\" content=\"Climate Control for Luxury Villas &amp; Traditional Riads We design and install discreet air conditioning and ventilation systems that preserve the architectural integrity of high-end homes and traditional Moroccan riads while ensuring reliable comfort throughout the year. Request a Site Survey Designed for Aesthetics Our systems are carefully selected and installed to minimise visual impact, [&hellip;]\" \/>\n<meta property=\"og:url\" content=\"https:\/\/iclimatemorocco.com\/fr\/luxury-riads-private-villas\/\" \/>\n<meta property=\"og:site_name\" content=\"iClimate Morocco\" \/>\n<meta property=\"article:modified_time\" content=\"2026-02-23T09:56:33+00:00\" \/>\n<meta property=\"og:image\" content=\"https:\/\/iclimatemorocco.com\/wp-content\/uploads\/2026\/02\/saharadeserttour_109.jpg\" \/>\n<meta name=\"twitter:card\" content=\"summary_large_image\" \/>\n<meta name=\"twitter:label1\" content=\"Dur\u00e9e de lecture estim\u00e9e\" \/>\n\t<meta name=\"twitter:data1\" content=\"2 minutes\" \/>\n<script type=\"application\/ld+json\" class=\"yoast-schema-graph\">{\"@context\":\"https:\/\/schema.org\",\"@graph\":[{\"@type\":\"WebPage\",\"@id\":\"https:\/\/iclimatemorocco.com\/luxury-riads-private-villas\/\",\"url\":\"https:\/\/iclimatemorocco.com\/luxury-riads-private-villas\/\",\"name\":\"Luxury Riads &amp; Private Villas - iClimate Morocco\",\"isPartOf\":{\"@id\":\"https:\/\/iclimatemorocco.com\/#website\"},\"primaryImageOfPage\":{\"@id\":\"https:\/\/iclimatemorocco.com\/luxury-riads-private-villas\/#primaryimage\"},\"image\":{\"@id\":\"https:\/\/iclimatemorocco.com\/luxury-riads-private-villas\/#primaryimage\"},\"thumbnailUrl\":\"https:\/\/iclimatemorocco.com\/wp-content\/uploads\/2026\/02\/saharadeserttour_109.jpg\",\"datePublished\":\"2026-02-21T15:14:53+00:00\",\"dateModified\":\"2026-02-23T09:56:33+00:00\",\"breadcrumb\":{\"@id\":\"https:\/\/iclimatemorocco.com\/luxury-riads-private-villas\/#breadcrumb\"},\"inLanguage\":\"fr-FR\",\"potentialAction\":[{\"@type\":\"ReadAction\",\"target\":[\"https:\/\/iclimatemorocco.com\/luxury-riads-private-villas\/\"]}]},{\"@type\":\"ImageObject\",\"inLanguage\":\"fr-FR\",\"@id\":\"https:\/\/iclimatemorocco.com\/luxury-riads-private-villas\/#primaryimage\",\"url\":\"https:\/\/iclimatemorocco.com\/wp-content\/uploads\/2026\/02\/saharadeserttour_109.jpg\",\"contentUrl\":\"https:\/\/iclimatemorocco.com\/wp-content\/uploads\/2026\/02\/saharadeserttour_109.jpg\"},{\"@type\":\"BreadcrumbList\",\"@id\":\"https:\/\/iclimatemorocco.com\/luxury-riads-private-villas\/#breadcrumb\",\"itemListElement\":[{\"@type\":\"ListItem\",\"position\":1,\"name\":\"Home\",\"item\":\"https:\/\/iclimatemorocco.com\/\"},{\"@type\":\"ListItem\",\"position\":2,\"name\":\"Luxury Riads &amp; Private Villas\"}]},{\"@type\":\"WebSite\",\"@id\":\"https:\/\/iclimatemorocco.com\/#website\",\"url\":\"https:\/\/iclimatemorocco.com\/\",\"name\":\"iClimate Morocco\",\"description\":\"Luxury &amp; Commercial HVAC Solutions in Morocco\",\"publisher\":{\"@id\":\"https:\/\/iclimatemorocco.com\/#organization\"},\"potentialAction\":[{\"@type\":\"SearchAction\",\"target\":{\"@type\":\"EntryPoint\",\"urlTemplate\":\"https:\/\/iclimatemorocco.com\/?s={search_term_string}\"},\"query-input\":{\"@type\":\"PropertyValueSpecification\",\"valueRequired\":true,\"valueName\":\"search_term_string\"}}],\"inLanguage\":\"fr-FR\"},{\"@type\":\"Organization\",\"@id\":\"https:\/\/iclimatemorocco.com\/#organization\",\"name\":\"iClimate Morocco\",\"url\":\"https:\/\/iclimatemorocco.com\/\",\"logo\":{\"@type\":\"ImageObject\",\"inLanguage\":\"fr-FR\",\"@id\":\"https:\/\/iclimatemorocco.com\/#\/schema\/logo\/image\/\",\"url\":\"https:\/\/iclimatemorocco.com\/wp-content\/uploads\/2026\/02\/logo-ic-Edited.png\",\"contentUrl\":\"https:\/\/iclimatemorocco.com\/wp-content\/uploads\/2026\/02\/logo-ic-Edited.png\",\"width\":278,\"height\":182,\"caption\":\"iClimate Morocco\"},\"image\":{\"@id\":\"https:\/\/iclimatemorocco.com\/#\/schema\/logo\/image\/\"}}]}<\/script>\n<!-- \/ Yoast SEO plugin. -->","yoast_head_json":{"title":"Luxury Riads &amp; Private Villas - iClimate Morocco","robots":{"index":"index","follow":"follow","max-snippet":"max-snippet:-1","max-image-preview":"max-image-preview:large","max-video-preview":"max-video-preview:-1"},"canonical":"https:\/\/iclimatemorocco.com\/fr\/luxury-riads-private-villas\/","og_locale":"fr_FR","og_type":"article","og_title":"Luxury Riads &amp; Private Villas - iClimate Morocco","og_description":"Climate Control for Luxury Villas &amp; Traditional Riads We design and install discreet air conditioning and ventilation systems that preserve the architectural integrity of high-end homes and traditional Moroccan riads while ensuring reliable comfort throughout the year. Request a Site Survey Designed for Aesthetics Our systems are carefully selected and installed to minimise visual impact, [&hellip;]","og_url":"https:\/\/iclimatemorocco.com\/fr\/luxury-riads-private-villas\/","og_site_name":"iClimate Morocco","article_modified_time":"2026-02-23T09:56:33+00:00","og_image":[{"url":"https:\/\/iclimatemorocco.com\/wp-content\/uploads\/2026\/02\/saharadeserttour_109.jpg","type":"","width":"","height":""}],"twitter_card":"summary_large_image","twitter_misc":{"Dur\u00e9e de lecture estim\u00e9e":"2 minutes"},"schema":{"@context":"https:\/\/schema.org","@graph":[{"@type":"WebPage","@id":"https:\/\/iclimatemorocco.com\/luxury-riads-private-villas\/","url":"https:\/\/iclimatemorocco.com\/luxury-riads-private-villas\/","name":"Luxury Riads &amp; Private Villas - iClimate Morocco","isPartOf":{"@id":"https:\/\/iclimatemorocco.com\/#website"},"primaryImageOfPage":{"@id":"https:\/\/iclimatemorocco.com\/luxury-riads-private-villas\/#primaryimage"},"image":{"@id":"https:\/\/iclimatemorocco.com\/luxury-riads-private-villas\/#primaryimage"},"thumbnailUrl":"https:\/\/iclimatemorocco.com\/wp-content\/uploads\/2026\/02\/saharadeserttour_109.jpg","datePublished":"2026-02-21T15:14:53+00:00","dateModified":"2026-02-23T09:56:33+00:00","breadcrumb":{"@id":"https:\/\/iclimatemorocco.com\/luxury-riads-private-villas\/#breadcrumb"},"inLanguage":"fr-FR","potentialAction":[{"@type":"ReadAction","target":["https:\/\/iclimatemorocco.com\/luxury-riads-private-villas\/"]}]},{"@type":"ImageObject","inLanguage":"fr-FR","@id":"https:\/\/iclimatemorocco.com\/luxury-riads-private-villas\/#primaryimage","url":"https:\/\/iclimatemorocco.com\/wp-content\/uploads\/2026\/02\/saharadeserttour_109.jpg","contentUrl":"https:\/\/iclimatemorocco.com\/wp-content\/uploads\/2026\/02\/saharadeserttour_109.jpg"},{"@type":"BreadcrumbList","@id":"https:\/\/iclimatemorocco.com\/luxury-riads-private-villas\/#breadcrumb","itemListElement":[{"@type":"ListItem","position":1,"name":"Home","item":"https:\/\/iclimatemorocco.com\/"},{"@type":"ListItem","position":2,"name":"Luxury Riads &amp; Private Villas"}]},{"@type":"WebSite","@id":"https:\/\/iclimatemorocco.com\/#website","url":"https:\/\/iclimatemorocco.com\/","name":"iClimate Morocco","description":"Solutions de Climatisation Haut de Gamme au Maroc","publisher":{"@id":"https:\/\/iclimatemorocco.com\/#organization"},"potentialAction":[{"@type":"SearchAction","target":{"@type":"EntryPoint","urlTemplate":"https:\/\/iclimatemorocco.com\/?s={search_term_string}"},"query-input":{"@type":"PropertyValueSpecification","valueRequired":true,"valueName":"search_term_string"}}],"inLanguage":"fr-FR"},{"@type":"Organization","@id":"https:\/\/iclimatemorocco.com\/#organization","name":"iClimate Morocco","url":"https:\/\/iclimatemorocco.com\/","logo":{"@type":"ImageObject","inLanguage":"fr-FR","@id":"https:\/\/iclimatemorocco.com\/#\/schema\/logo\/image\/","url":"https:\/\/iclimatemorocco.com\/wp-content\/uploads\/2026\/02\/logo-ic-Edited.png","contentUrl":"https:\/\/iclimatemorocco.com\/wp-content\/uploads\/2026\/02\/logo-ic-Edited.png","width":278,"height":182,"caption":"iClimate Morocco"},"image":{"@id":"https:\/\/iclimatemorocco.com\/#\/schema\/logo\/image\/"}}]}},"uagb_featured_image_src":{"full":false,"thumbnail":false,"medium":false,"medium_large":false,"large":false,"1536x1536":false,"2048x2048":false,"trp-custom-language-flag":false},"uagb_author_info":{"display_name":"admin","author_link":"https:\/\/iclimatemorocco.com\/fr\/author\/iclimatemorocco\/"},"uagb_comment_info":0,"uagb_excerpt":"Climate Control for Luxury Villas &amp; Traditional Riads We design and install discreet air conditioning and ventilation systems that preserve the architectural integrity of high-end homes and traditional Moroccan riads while ensuring reliable comfort throughout the year. Request a Site Survey Designed for Aesthetics Our systems are carefully selected and installed to minimise visual impact,\u2026","_links":{"self":[{"href":"https:\/\/iclimatemorocco.com\/fr\/wp-json\/wp\/v2\/pages\/1199","targetHints":{"allow":["GET"]}}],"collection":[{"href":"https:\/\/iclimatemorocco.com\/fr\/wp-json\/wp\/v2\/pages"}],"about":[{"href":"https:\/\/iclimatemorocco.com\/fr\/wp-json\/wp\/v2\/types\/page"}],"author":[{"embeddable":true,"href":"https:\/\/iclimatemorocco.com\/fr\/wp-json\/wp\/v2\/users\/1"}],"replies":[{"embeddable":true,"href":"https:\/\/iclimatemorocco.com\/fr\/wp-json\/wp\/v2\/comments?post=1199"}],"version-history":[{"count":22,"href":"https:\/\/iclimatemorocco.com\/fr\/wp-json\/wp\/v2\/pages\/1199\/revisions"}],"predecessor-version":[{"id":1232,"href":"https:\/\/iclimatemorocco.com\/fr\/wp-json\/wp\/v2\/pages\/1199\/revisions\/1232"}],"wp:attachment":[{"href":"https:\/\/iclimatemorocco.com\/fr\/wp-json\/wp\/v2\/media?parent=1199"}],"curies":[{"name":"wp","href":"https:\/\/api.w.org\/{rel}","templated":true}]}}